{"id":23,"date":"2012-03-28T11:42:48","date_gmt":"2012-03-28T11:42:48","guid":{"rendered":"http:\/\/www.gorgen.fr\/blog\/?page_id=23"},"modified":"2022-11-20T12:41:59","modified_gmt":"2022-11-20T10:41:59","slug":"a-propos","status":"publish","type":"page","link":"http:\/\/www.gorgen.fr\/blog\/a-propos","title":{"rendered":"A propos"},"content":{"rendered":"\n<p><\/p>\n\n\n\n<div class=\"wp-block-columns is-layout-flex wp-container-core-columns-is-layout-9d6595d7 wp-block-columns-is-layout-flex\">\n<div class=\"wp-block-column is-layout-flow wp-block-column-is-layout-flow\" style=\"flex-basis:66.66%\">\n<p>Photographe tr\u00e8s amateur et surtout tr\u00e8s amateur de photographies, j&rsquo;ai voulu regrouper sur ce site le r\u00e9sultat de mes balades photographiques.<\/p>\n\n\n\n<figure class=\"wp-block-image\"><a href=\"http:\/\/www.photographespourlavie.com\/boutique\/\" target=\"_blank\" rel=\"noreferrer noopener\"><img data-recalc-dims=\"1\" decoding=\"async\" src=\"https:\/\/i0.wp.com\/www.gorgen.fr\/blog\/wp-content\/uploads\/2013\/01\/PPLV-Pins.jpg?w=640\" alt=\"PPLV Pins\"\/><\/a><\/figure>\n<\/div>\n\n\n\n<div class=\"wp-block-column is-layout-flow wp-block-column-is-layout-flow\" style=\"flex-basis:33.33%\"><\/div>\n<\/div>\n\n\n\n<div class=\"wp-block-columns is-layout-flex wp-container-core-columns-is-layout-9d6595d7 wp-block-columns-is-layout-flex\">\n<div class=\"wp-block-column is-layout-flow wp-block-column-is-layout-flow\" style=\"flex-basis:66.66%\"><div class=\"wp-block-jetpack-subscriptions__supports-newline wp-block-jetpack-subscriptions\">\n\t\t<div>\n\t\t\t<div>\n\t\t\t\t<div>\n\t\t\t\t\t<p >\n\t\t\t\t\t\t<a href=\"http:\/\/www.gorgen.fr\/blog\/?post_type=page&#038;p=23\" style=\"font-size: 16px;padding: 15px 23px 15px 23px;margin: 0; margin-left: 10px;border-radius: 0px;border-width: 1px; background-color: #113AF5; color: #FFFFFF; text-decoration: none; white-space: nowrap; margin-left: 0\">Abonnez-vous<\/a>\n\t\t\t\t\t<\/p>\n\t\t\t\t<\/div>\n\t\t\t<\/div>\n\t\t<\/div>\n\t<\/div><\/div>\n\n\n\n<div class=\"wp-block-column is-layout-flow wp-block-column-is-layout-flow\" style=\"flex-basis:33.33%\"><\/div>\n<\/div>\n\n\n\n<div class=\"wp-block-columns is-layout-flex wp-container-core-columns-is-layout-9d6595d7 wp-block-columns-is-layout-flex\">\n<div class=\"wp-block-column is-layout-flow wp-block-column-is-layout-flow\" style=\"flex-basis:66.66%\"><p class=\"wp-block-tag-cloud\"><a href=\"http:\/\/www.gorgen.fr\/blog\/archives\/tag\/dan-ar-braz\" class=\"tag-cloud-link tag-link-61 tag-link-position-1\" style=\"font-size: 8pt;\" aria-label=\"&quot;Dan Ar Braz&quot; (1 \u00e9l\u00e9ment)\">&quot;Dan Ar Braz&quot;<\/a>\n<a href=\"http:\/\/www.gorgen.fr\/blog\/archives\/tag\/ailleurs\" class=\"tag-cloud-link tag-link-20 tag-link-position-2\" style=\"font-size: 18.261363636364pt;\" aria-label=\"ailleurs (38 \u00e9l\u00e9ments)\">ailleurs<\/a>\n<a href=\"http:\/\/www.gorgen.fr\/blog\/archives\/tag\/animaux\" class=\"tag-cloud-link tag-link-18 tag-link-position-3\" style=\"font-size: 9.4318181818182pt;\" aria-label=\"Animaux (2 \u00e9l\u00e9ments)\">Animaux<\/a>\n<a href=\"http:\/\/www.gorgen.fr\/blog\/archives\/tag\/barque\" class=\"tag-cloud-link tag-link-23 tag-link-position-4\" style=\"font-size: 14.204545454545pt;\" aria-label=\"Barque (11 \u00e9l\u00e9ments)\">Barque<\/a>\n<a href=\"http:\/\/www.gorgen.fr\/blog\/archives\/tag\/bleu\" class=\"tag-cloud-link tag-link-16 tag-link-position-5\" style=\"font-size: 15.954545454545pt;\" aria-label=\"Bleu (19 \u00e9l\u00e9ments)\">Bleu<\/a>\n<a href=\"http:\/\/www.gorgen.fr\/blog\/archives\/tag\/bretagne\" class=\"tag-cloud-link tag-link-73 tag-link-position-6\" style=\"font-size: 20.806818181818pt;\" aria-label=\"Bretagne (81 \u00e9l\u00e9ments)\">Bretagne<\/a>\n<a href=\"http:\/\/www.gorgen.fr\/blog\/archives\/tag\/budapest\" class=\"tag-cloud-link tag-link-44 tag-link-position-7\" style=\"font-size: 10.386363636364pt;\" aria-label=\"Budapest (3 \u00e9l\u00e9ments)\">Budapest<\/a>\n<a href=\"http:\/\/www.gorgen.fr\/blog\/archives\/tag\/belon\" class=\"tag-cloud-link tag-link-67 tag-link-position-8\" style=\"font-size: 11.181818181818pt;\" aria-label=\"B\u00e9lon (4 \u00e9l\u00e9ments)\">B\u00e9lon<\/a>\n<a href=\"http:\/\/www.gorgen.fr\/blog\/archives\/tag\/canal\" class=\"tag-cloud-link tag-link-39 tag-link-position-9\" style=\"font-size: 9.4318181818182pt;\" aria-label=\"canal (2 \u00e9l\u00e9ments)\">canal<\/a>\n<a href=\"http:\/\/www.gorgen.fr\/blog\/archives\/tag\/carre\" class=\"tag-cloud-link tag-link-53 tag-link-position-10\" style=\"font-size: 11.818181818182pt;\" aria-label=\"carr\u00e9 (5 \u00e9l\u00e9ments)\">carr\u00e9<\/a>\n<a href=\"http:\/\/www.gorgen.fr\/blog\/archives\/tag\/couleurs\" class=\"tag-cloud-link tag-link-7 tag-link-position-11\" style=\"font-size: 22pt;\" aria-label=\"couleurs (113 \u00e9l\u00e9ments)\">couleurs<\/a>\n<a href=\"http:\/\/www.gorgen.fr\/blog\/archives\/tag\/devanture\" class=\"tag-cloud-link tag-link-66 tag-link-position-12\" style=\"font-size: 8pt;\" aria-label=\"Devanture (1 \u00e9l\u00e9ment)\">Devanture<\/a>\n<a href=\"http:\/\/www.gorgen.fr\/blog\/archives\/tag\/ecosse\" class=\"tag-cloud-link tag-link-83 tag-link-position-13\" style=\"font-size: 14.204545454545pt;\" aria-label=\"Ecosse (11 \u00e9l\u00e9ments)\">Ecosse<\/a>\n<a href=\"http:\/\/www.gorgen.fr\/blog\/archives\/tag\/eglise\" class=\"tag-cloud-link tag-link-22 tag-link-position-14\" style=\"font-size: 13.170454545455pt;\" aria-label=\"Eglise (8 \u00e9l\u00e9ments)\">Eglise<\/a>\n<a href=\"http:\/\/www.gorgen.fr\/blog\/archives\/tag\/epaves\" class=\"tag-cloud-link tag-link-28 tag-link-position-15\" style=\"font-size: 11.181818181818pt;\" aria-label=\"Epaves (4 \u00e9l\u00e9ments)\">Epaves<\/a>\n<a href=\"http:\/\/www.gorgen.fr\/blog\/archives\/tag\/faune\" class=\"tag-cloud-link tag-link-31 tag-link-position-16\" style=\"font-size: 8pt;\" aria-label=\"faune (1 \u00e9l\u00e9ment)\">faune<\/a>\n<a href=\"http:\/\/www.gorgen.fr\/blog\/archives\/tag\/finistere\" class=\"tag-cloud-link tag-link-50 tag-link-position-17\" style=\"font-size: 18.261363636364pt;\" aria-label=\"Finist\u00e8re (38 \u00e9l\u00e9ments)\">Finist\u00e8re<\/a>\n<a href=\"http:\/\/www.gorgen.fr\/blog\/archives\/tag\/fleurs\" class=\"tag-cloud-link tag-link-26 tag-link-position-18\" style=\"font-size: 11.181818181818pt;\" aria-label=\"Fleurs (4 \u00e9l\u00e9ments)\">Fleurs<\/a>\n<a href=\"http:\/\/www.gorgen.fr\/blog\/archives\/tag\/graphisme-2\" class=\"tag-cloud-link tag-link-19 tag-link-position-19\" style=\"font-size: 14.443181818182pt;\" aria-label=\"Graphisme (12 \u00e9l\u00e9ments)\">Graphisme<\/a>\n<a href=\"http:\/\/www.gorgen.fr\/blog\/archives\/tag\/installation\" class=\"tag-cloud-link tag-link-54 tag-link-position-20\" style=\"font-size: 9.4318181818182pt;\" aria-label=\"Installation (2 \u00e9l\u00e9ments)\">Installation<\/a>\n<a href=\"http:\/\/www.gorgen.fr\/blog\/archives\/tag\/k4\" class=\"tag-cloud-link tag-link-91 tag-link-position-21\" style=\"font-size: 10.386363636364pt;\" aria-label=\"K4 (3 \u00e9l\u00e9ments)\">K4<\/a>\n<a href=\"http:\/\/www.gorgen.fr\/blog\/archives\/tag\/manege\" class=\"tag-cloud-link tag-link-42 tag-link-position-22\" style=\"font-size: 10.386363636364pt;\" aria-label=\"man\u00e8ge (3 \u00e9l\u00e9ments)\">man\u00e8ge<\/a>\n<a href=\"http:\/\/www.gorgen.fr\/blog\/archives\/tag\/mer\" class=\"tag-cloud-link tag-link-35 tag-link-position-23\" style=\"font-size: 18.102272727273pt;\" aria-label=\"mer (36 \u00e9l\u00e9ments)\">mer<\/a>\n<a href=\"http:\/\/www.gorgen.fr\/blog\/archives\/tag\/montgolfiere\" class=\"tag-cloud-link tag-link-77 tag-link-position-24\" style=\"font-size: 10.386363636364pt;\" aria-label=\"Montgolfi\u00e8re (3 \u00e9l\u00e9ments)\">Montgolfi\u00e8re<\/a>\n<a href=\"http:\/\/www.gorgen.fr\/blog\/archives\/tag\/musique\" class=\"tag-cloud-link tag-link-72 tag-link-position-25\" style=\"font-size: 12.375pt;\" aria-label=\"Musique (6 \u00e9l\u00e9ments)\">Musique<\/a>\n<a href=\"http:\/\/www.gorgen.fr\/blog\/archives\/tag\/nb\" class=\"tag-cloud-link tag-link-17 tag-link-position-26\" style=\"font-size: 17.704545454545pt;\" aria-label=\"N&amp;B (32 \u00e9l\u00e9ments)\">N&amp;B<\/a>\n<a href=\"http:\/\/www.gorgen.fr\/blog\/archives\/tag\/nantes\" class=\"tag-cloud-link tag-link-64 tag-link-position-27\" style=\"font-size: 8pt;\" aria-label=\"Nantes (1 \u00e9l\u00e9ment)\">Nantes<\/a>\n<a href=\"http:\/\/www.gorgen.fr\/blog\/archives\/tag\/nuit\" class=\"tag-cloud-link tag-link-70 tag-link-position-28\" style=\"font-size: 17.227272727273pt;\" aria-label=\"Nuit (28 \u00e9l\u00e9ments)\">Nuit<\/a>\n<a href=\"http:\/\/www.gorgen.fr\/blog\/archives\/tag\/ocean\" class=\"tag-cloud-link tag-link-36 tag-link-position-29\" style=\"font-size: 15pt;\" aria-label=\"oc\u00e9an (14 \u00e9l\u00e9ments)\">oc\u00e9an<\/a>\n<a href=\"http:\/\/www.gorgen.fr\/blog\/archives\/tag\/panorama\" class=\"tag-cloud-link tag-link-46 tag-link-position-30\" style=\"font-size: 14.443181818182pt;\" aria-label=\"panorama (12 \u00e9l\u00e9ments)\">panorama<\/a>\n<a href=\"http:\/\/www.gorgen.fr\/blog\/archives\/tag\/paris\" class=\"tag-cloud-link tag-link-13 tag-link-position-31\" style=\"font-size: 17.704545454545pt;\" aria-label=\"Paris (32 \u00e9l\u00e9ments)\">Paris<\/a>\n<a href=\"http:\/\/www.gorgen.fr\/blog\/archives\/tag\/passage\" class=\"tag-cloud-link tag-link-62 tag-link-position-32\" style=\"font-size: 8pt;\" aria-label=\"passage (1 \u00e9l\u00e9ment)\">passage<\/a>\n<a href=\"http:\/\/www.gorgen.fr\/blog\/archives\/tag\/paysage\" class=\"tag-cloud-link tag-link-69 tag-link-position-33\" style=\"font-size: 20.886363636364pt;\" aria-label=\"Paysage (82 \u00e9l\u00e9ments)\">Paysage<\/a>\n<a href=\"http:\/\/www.gorgen.fr\/blog\/archives\/tag\/phare\" class=\"tag-cloud-link tag-link-89 tag-link-position-34\" style=\"font-size: 12.375pt;\" aria-label=\"Phare (6 \u00e9l\u00e9ments)\">Phare<\/a>\n<a href=\"http:\/\/www.gorgen.fr\/blog\/archives\/tag\/ponts\" class=\"tag-cloud-link tag-link-55 tag-link-position-35\" style=\"font-size: 9.4318181818182pt;\" aria-label=\"Ponts (2 \u00e9l\u00e9ments)\">Ponts<\/a>\n<a href=\"http:\/\/www.gorgen.fr\/blog\/archives\/tag\/port\" class=\"tag-cloud-link tag-link-40 tag-link-position-36\" style=\"font-size: 15.954545454545pt;\" aria-label=\"Port (19 \u00e9l\u00e9ments)\">Port<\/a>\n<a href=\"http:\/\/www.gorgen.fr\/blog\/archives\/tag\/portrait\" class=\"tag-cloud-link tag-link-68 tag-link-position-37\" style=\"font-size: 12.375pt;\" aria-label=\"Portrait (6 \u00e9l\u00e9ments)\">Portrait<\/a>\n<a href=\"http:\/\/www.gorgen.fr\/blog\/archives\/tag\/pose-longue\" class=\"tag-cloud-link tag-link-24 tag-link-position-38\" style=\"font-size: 11.818181818182pt;\" aria-label=\"pose longue (5 \u00e9l\u00e9ments)\">pose longue<\/a>\n<a href=\"http:\/\/www.gorgen.fr\/blog\/archives\/tag\/quebec\" class=\"tag-cloud-link tag-link-30 tag-link-position-39\" style=\"font-size: 8pt;\" aria-label=\"Qu\u00e9bec (1 \u00e9l\u00e9ment)\">Qu\u00e9bec<\/a>\n<a href=\"http:\/\/www.gorgen.fr\/blog\/archives\/tag\/sculpture\" class=\"tag-cloud-link tag-link-86 tag-link-position-40\" style=\"font-size: 8pt;\" aria-label=\"sculpture (1 \u00e9l\u00e9ment)\">sculpture<\/a>\n<a href=\"http:\/\/www.gorgen.fr\/blog\/archives\/tag\/spectacle\" class=\"tag-cloud-link tag-link-8 tag-link-position-41\" style=\"font-size: 15pt;\" aria-label=\"spectacle (14 \u00e9l\u00e9ments)\">spectacle<\/a>\n<a href=\"http:\/\/www.gorgen.fr\/blog\/archives\/tag\/strobist\" class=\"tag-cloud-link tag-link-52 tag-link-position-42\" style=\"font-size: 10.386363636364pt;\" aria-label=\"strobist (3 \u00e9l\u00e9ments)\">strobist<\/a>\n<a href=\"http:\/\/www.gorgen.fr\/blog\/archives\/tag\/serie\" class=\"tag-cloud-link tag-link-78 tag-link-position-43\" style=\"font-size: 11.181818181818pt;\" aria-label=\"S\u00e9rie (4 \u00e9l\u00e9ments)\">S\u00e9rie<\/a>\n<a href=\"http:\/\/www.gorgen.fr\/blog\/archives\/tag\/tempete\" class=\"tag-cloud-link tag-link-48 tag-link-position-44\" style=\"font-size: 11.181818181818pt;\" aria-label=\"temp\u00eate (4 \u00e9l\u00e9ments)\">temp\u00eate<\/a>\n<a href=\"http:\/\/www.gorgen.fr\/blog\/archives\/tag\/voyages\" class=\"tag-cloud-link tag-link-9 tag-link-position-45\" style=\"font-size: 14.443181818182pt;\" aria-label=\"Voyages (12 \u00e9l\u00e9ments)\">Voyages<\/a><\/p><\/div>\n\n\n\n<div class=\"wp-block-column is-layout-flow wp-block-column-is-layout-flow\" style=\"flex-basis:33.33%\"><\/div>\n<\/div>\n\n\n\n<div class=\"wp-block-columns is-layout-flex wp-container-core-columns-is-layout-9d6595d7 wp-block-columns-is-layout-flex\">\n<div class=\"wp-block-column is-layout-flow wp-block-column-is-layout-flow\" style=\"flex-basis:66.66%\"><\/div>\n\n\n\n<div class=\"wp-block-column is-layout-flow wp-block-column-is-layout-flow\" style=\"flex-basis:33.33%\"><\/div>\n<\/div>\n\n\n\n<div class=\"wp-block-columns is-layout-flex wp-container-core-columns-is-layout-9d6595d7 wp-block-columns-is-layout-flex\">\n<div class=\"wp-block-column is-layout-flow wp-block-column-is-layout-flow\"><div class=\"wp-block-jetpack-contact-form is-layout-flex wp-container-jetpack-contact-form-is-layout-026b38f8 wp-block-jetpack-contact-form-is-layout-flex\"><a href=\"http:\/\/www.gorgen.fr\/blog\/a-propos\" target=\"_blank\" rel=\"noopener noreferrer\">Soumettre un formulaire.<\/a><\/div><\/div>\n<\/div>\n\n\n\n<div class=\"wp-block-columns is-layout-flex wp-container-core-columns-is-layout-9d6595d7 wp-block-columns-is-layout-flex\">\n<div class=\"wp-block-column is-layout-flow wp-block-column-is-layout-flow\" style=\"flex-basis:66.66%\"><\/div>\n\n\n\n<div class=\"wp-block-column is-layout-flow wp-block-column-is-layout-flow\" style=\"flex-basis:33.33%\"><\/div>\n<\/div>\n","protected":false},"excerpt":{"rendered":"<p>Photographe tr\u00e8s amateur et surtout tr\u00e8s amateur de photographies, j&rsquo;ai voulu regrouper sur ce site le r\u00e9sultat de mes balades [&hellip;]<\/p>\n","protected":false},"author":2,"featured_media":1591,"parent":0,"menu_order":0,"comment_status":"closed","ping_status":"closed","template":"","meta":{"_monsterinsights_skip_tracking":false,"_monsterinsights_sitenote_active":false,"_monsterinsights_sitenote_note":"","_monsterinsights_sitenote_category":0,"jetpack_post_was_ever_published":false,"footnotes":""},"class_list":["post-23","page","type-page","status-publish","has-post-thumbnail","hentry"],"jetpack_shortlink":"https:\/\/wp.me\/P2lthy-n","jetpack_sharing_enabled":true,"_links":{"self":[{"href":"http:\/\/www.gorgen.fr\/blog\/wp-json\/wp\/v2\/pages\/23","targetHints":{"allow":["GET"]}}],"collection":[{"href":"http:\/\/www.gorgen.fr\/blog\/wp-json\/wp\/v2\/pages"}],"about":[{"href":"http:\/\/www.gorgen.fr\/blog\/wp-json\/wp\/v2\/types\/page"}],"author":[{"embeddable":true,"href":"http:\/\/www.gorgen.fr\/blog\/wp-json\/wp\/v2\/users\/2"}],"replies":[{"embeddable":true,"href":"http:\/\/www.gorgen.fr\/blog\/wp-json\/wp\/v2\/comments?post=23"}],"version-history":[{"count":27,"href":"http:\/\/www.gorgen.fr\/blog\/wp-json\/wp\/v2\/pages\/23\/revisions"}],"predecessor-version":[{"id":4774,"href":"http:\/\/www.gorgen.fr\/blog\/wp-json\/wp\/v2\/pages\/23\/revisions\/4774"}],"wp:featuredmedia":[{"embeddable":true,"href":"http:\/\/www.gorgen.fr\/blog\/wp-json\/wp\/v2\/media\/1591"}],"wp:attachment":[{"href":"http:\/\/www.gorgen.fr\/blog\/wp-json\/wp\/v2\/media?parent=23"}],"curies":[{"name":"wp","href":"https:\/\/api.w.org\/{rel}","templated":true}]}}